{"id":241597,"date":"2025-10-14T07:13:11","date_gmt":"2025-10-14T07:13:11","guid":{"rendered":"https:\/\/boxingsisters.com\/impressum\/"},"modified":"2025-10-14T07:19:18","modified_gmt":"2025-10-14T07:19:18","slug":"impressum","status":"publish","type":"page","link":"https:\/\/boxingsisters.com\/de\/impressum\/","title":{"rendered":"Impressum"},"content":{"rendered":"<p>[et_pb_section fb_built=&#8220;1&#8243; _builder_version=&#8220;4.27.3&#8243; _module_preset=&#8220;37f6458d-be32-4cbf-be23-c76b32ca6de7&#8243; background_color=&#8220;#000000&#8243; background_enable_color=&#8220;on&#8220; use_background_color_gradient=&#8220;off&#8220; background_enable_image=&#8220;off&#8220; background_position=&#8220;top_center&#8220; global_colors_info=&#8220;{}&#8220;][et_pb_row column_structure=&#8220;1_2,1_2&#8243; use_custom_gutter=&#8220;on&#8220; gutter_width=&#8220;2&#8243; make_equal=&#8220;on&#8220; _builder_version=&#8220;4.27.3&#8243; _module_preset=&#8220;default&#8220; custom_margin=&#8220;0px||0px||false|false&#8220; custom_padding=&#8220;0px||0px||false|false&#8220; global_colors_info=&#8220;{}&#8220;][et_pb_column type=&#8220;1_2&#8243; _builder_version=&#8220;4.17.4&#8243; _module_preset=&#8220;default&#8220; animation_style=&#8220;slide&#8220; animation_direction=&#8220;top&#8220; animation_intensity_slide=&#8220;3%&#8220; custom_css_main_element=&#8220;margin:auto;&#8220; global_colors_info=&#8220;{}&#8220;][et_pb_text _builder_version=&#8220;4.27.3&#8243; _module_preset=&#8220;ad0b8259-3c48-459e-b382-980f1bcb218e&#8220; global_colors_info=&#8220;{}&#8220;]<\/p>\n<h1>IMPRESSUM<\/h1>\n<p>[\/et_pb_text][\/et_pb_column][et_pb_column type=&#8220;1_2&#8243; _builder_version=&#8220;4.17.4&#8243; _module_preset=&#8220;default&#8220; animation_style=&#8220;slide&#8220; animation_direction=&#8220;bottom&#8220; animation_intensity_slide=&#8220;3%&#8220; global_colors_info=&#8220;{}&#8220;][\/et_pb_column][\/et_pb_row][\/et_pb_section][et_pb_section fb_built=&#8220;1&#8243; _builder_version=&#8220;4.27.3&#8243; _module_preset=&#8220;default&#8220; custom_padding=&#8220;0px||0px||true|false&#8220; global_colors_info=&#8220;{}&#8220;][et_pb_row column_structure=&#8220;1_2,1_2&#8243; _builder_version=&#8220;4.27.3&#8243; _module_preset=&#8220;default&#8220; global_colors_info=&#8220;{}&#8220;][et_pb_column type=&#8220;1_2&#8243; _builder_version=&#8220;4.27.3&#8243; _module_preset=&#8220;default&#8220; global_colors_info=&#8220;{}&#8220;][et_pb_text _builder_version=&#8220;4.27.3&#8243; _module_preset=&#8220;default&#8220; global_colors_info=&#8220;{}&#8220;]<\/p>\n<p><strong>Boxing Sisters GmbH<\/strong><\/p>\n<p>Rochstra\u00dfe 14a,<br \/>10178 Berlin<br \/>Deutschland<\/p>\n<p><strong>Vertreten durch:<\/strong><br \/>Johan Oostland (Gesch\u00e4ftsf\u00fchrer)<br \/>Marc Amsing (Gesch\u00e4ftsf\u00fchrer)<\/p>\n<p><strong>Kontakt:<\/strong><br \/>E-Mail: <a href=\"mailto:support@boxingsisters.com\">support@boxingsisters.com<\/a><br \/>Website: <a href=\"http:\/\/www.boxingsisters.com\">www.boxingsisters.com<\/a><\/p>\n<p><strong>Unternehmensregistrierung:<\/strong><br \/>Registergericht Charlottenburg<br \/>Handelsregisternummer: <span>HRB 231807 B<\/span><\/p>\n<p><strong>Umsatzsteuer-Identifikationsnummer gem\u00e4\u00df \u00a7 27a Umsatzsteuergesetz (UStG):<\/strong><br \/><span>DE347050806<\/span><\/p>\n<p><strong>Verantwortliche(r) f\u00fcr den Inhalt gem\u00e4\u00df \u00a7 55 Abs. 2 RStV (Deutscher Rundfunkstaatsvertrag): <\/strong><br \/>Johan Oostland &amp; Marc Amsing<br \/>c\/o Boxing Sisters GmbH<br \/>Rochstra\u00dfe 14a,<br \/>10178 Berlin<br \/>Deutschland<\/p>\n<p><strong>Haftungsausschluss:<\/strong><br \/>Der Inhalt unserer Website wurde mit gr\u00f6\u00dftm\u00f6glicher Sorgfalt zusammengestellt. Wir k\u00f6nnen jedoch keine Garantie f\u00fcr die Richtigkeit, Vollst\u00e4ndigkeit oder Aktualit\u00e4t der Inhalte \u00fcbernehmen. Die Nutzung der Inhalte erfolgt auf eigene Gefahr des Nutzers.  <\/p>\n<p><strong>Copyright:<\/strong><br \/>Die durch die Seitenbetreiber erstellten Inhalte und Werke auf diesen Seiten unterliegen dem deutschen Urheberrecht. Die Vervielf\u00e4ltigung, Bearbeitung, Verbreitung und jede Art der Verwertung au\u00dferhalb der Grenzen des Urheberrechtes bed\u00fcrfen der schriftlichen Zustimmung des jeweiligen Erstellers bzw. Betreibers. <\/p>\n<p><strong>Datenschutz:<\/strong><br \/>Informationen zum Datenschutz finden Sie in unserer Datenschutzrichtlinie.<\/p>\n<p>[\/et_pb_text][\/et_pb_column][et_pb_column type=&#8220;1_2&#8243; _builder_version=&#8220;4.27.3&#8243; _module_preset=&#8220;default&#8220; global_colors_info=&#8220;{}&#8220;][\/et_pb_column][\/et_pb_row][\/et_pb_section]<\/p>\n","protected":false},"excerpt":{"rendered":"<p>IMPRESSUMBoxing Sisters GmbH Rochstra\u00dfe 14a,10178 BerlinDeutschland Vertreten durch:Johan Oostland (Gesch\u00e4ftsf\u00fchrer)Marc Amsing (Gesch\u00e4ftsf\u00fchrer) Kontakt:E-Mail: support@boxingsisters.comWebsite: www.boxingsisters.com Unternehmensregistrierung:Registergericht CharlottenburgHandelsregisternummer: HRB 231807 B Umsatzsteuer-Identifikationsnummer gem\u00e4\u00df \u00a7 27a Umsatzsteuergesetz (UStG):DE347050806 Verantwortliche(r) f\u00fcr den Inhalt gem\u00e4\u00df \u00a7 55 Abs. 2 RStV (Deutscher Rundfunkstaatsvertrag): Johan Oostland &amp; Marc Amsingc\/o Boxing Sisters GmbHRochstra\u00dfe 14a,10178 BerlinDeutschland Haftungsausschluss:Der Inhalt unserer Website wurde mit gr\u00f6\u00dftm\u00f6glicher [&hellip;]<\/p>\n","protected":false},"author":2,"featured_media":0,"parent":0,"menu_order":0,"comment_status":"closed","ping_status":"closed","template":"","meta":{"_et_pb_use_builder":"on","_et_pb_old_content":"","_et_gb_content_width":"","_joinchat":[],"footnotes":""},"class_list":["post-241597","page","type-page","status-publish","hentry"],"_links":{"self":[{"href":"https:\/\/boxingsisters.com\/de\/wp-json\/wp\/v2\/pages\/241597","targetHints":{"allow":["GET"]}}],"collection":[{"href":"https:\/\/boxingsisters.com\/de\/wp-json\/wp\/v2\/pages"}],"about":[{"href":"https:\/\/boxingsisters.com\/de\/wp-json\/wp\/v2\/types\/page"}],"author":[{"embeddable":true,"href":"https:\/\/boxingsisters.com\/de\/wp-json\/wp\/v2\/users\/2"}],"replies":[{"embeddable":true,"href":"https:\/\/boxingsisters.com\/de\/wp-json\/wp\/v2\/comments?post=241597"}],"version-history":[{"count":2,"href":"https:\/\/boxingsisters.com\/de\/wp-json\/wp\/v2\/pages\/241597\/revisions"}],"predecessor-version":[{"id":241599,"href":"https:\/\/boxingsisters.com\/de\/wp-json\/wp\/v2\/pages\/241597\/revisions\/241599"}],"wp:attachment":[{"href":"https:\/\/boxingsisters.com\/de\/wp-json\/wp\/v2\/media?parent=241597"}],"curies":[{"name":"wp","href":"https:\/\/api.w.org\/{rel}","templated":true}]}}