{"id":239423,"date":"2025-02-11T19:19:50","date_gmt":"2025-02-11T19:19:50","guid":{"rendered":"https:\/\/boxingsisters.com\/mitgliedschaft\/"},"modified":"2025-04-07T11:34:01","modified_gmt":"2025-04-07T11:34:01","slug":"mitgliedschaft","status":"publish","type":"page","link":"https:\/\/boxingsisters.com\/de\/mitgliedschaft\/","title":{"rendered":"Mitgliedschaft"},"content":{"rendered":"<p>[et_pb_section fb_built=&#8220;1&#8243; _builder_version=&#8220;4.27.3&#8243; _module_preset=&#8220;37f6458d-be32-4cbf-be23-c76b32ca6de7&#8243; background_image=&#8220;https:\/\/boxingsisters.com\/wp-content\/uploads\/2024\/12\/Boxing-Sisters-HR-\u00a9-Marleen-Annema-0542-scaled-2.jpg&#8220; hover_enabled=&#8220;0&#8243; global_colors_info=&#8220;{}&#8220; title_text=&#8220;Boxing-Sisters-HR-\u00a9-Marleen-Annema-0542-scaled&#8220; background_position=&#8220;top_center&#8220; background_vertical_offset=&#8220;20%&#8220; sticky_enabled=&#8220;0&#8243;][et_pb_row use_custom_gutter=&#8220;on&#8220; gutter_width=&#8220;2&#8243; make_equal=&#8220;on&#8220; _builder_version=&#8220;4.27.3&#8243; _module_preset=&#8220;default&#8220; width=&#8220;100%&#8220; custom_margin=&#8220;0px||0px||false|false&#8220; custom_padding=&#8220;0px||0px||false|false&#8220; hover_enabled=&#8220;0&#8243; global_colors_info=&#8220;{}&#8220; sticky_enabled=&#8220;0&#8243;][et_pb_column type=&#8220;4_4&#8243; _builder_version=&#8220;4.27.3&#8243; _module_preset=&#8220;default&#8220; animation_style=&#8220;slide&#8220; animation_direction=&#8220;top&#8220; animation_intensity_slide=&#8220;3%&#8220; hover_enabled=&#8220;0&#8243; custom_css_main_element=&#8220;margin:auto;&#8220; global_colors_info=&#8220;{}&#8220; sticky_enabled=&#8220;0&#8243;][et_pb_text _builder_version=&#8220;4.27.3&#8243; _module_preset=&#8220;ad0b8259-3c48-459e-b382-980f1bcb218e&#8220; header_font_size=&#8220;56px&#8220; hover_enabled=&#8220;0&#8243; global_colors_info=&#8220;{}&#8220; width=&#8220;100%&#8220; custom_margin=&#8220;|-174px||||&#8220; sticky_enabled=&#8220;0&#8243;]<\/p>\n<h1>Mitgliedschaften<\/h1>\n<p>[\/et_pb_text][\/et_pb_column][\/et_pb_row][\/et_pb_section][et_pb_section fb_built=&#8220;1&#8243; custom_padding_last_edited=&#8220;on|phone&#8220; _builder_version=&#8220;4.27.3&#8243; _module_preset=&#8220;default&#8220; background_color=&#8220;#161616&#8243; custom_padding=&#8220;20px||20px||true|false&#8220; custom_padding_tablet=&#8220;20px||20px||true|false&#8220; custom_padding_phone=&#8220;10px||10px||true|false&#8220; global_module=&#8220;76195&#8243; saved_tabs=&#8220;all&#8220; global_colors_info=&#8220;{}&#8220;][et_pb_row column_structure=&#8220;1_4,1_4,1_4,1_4&#8243; use_custom_gutter=&#8220;on&#8220; gutter_width=&#8220;2&#8243; make_equal=&#8220;on&#8220; _builder_version=&#8220;4.27.3&#8243; _module_preset=&#8220;default&#8220; global_colors_info=&#8220;{}&#8220;][et_pb_column type=&#8220;1_4&#8243; _builder_version=&#8220;4.27.3&#8243; _module_preset=&#8220;default&#8220; global_colors_info=&#8220;{}&#8220;][et_pb_blurb use_icon=&#8220;on&#8220; font_icon=&#8220;&#xe052;||divi||400&#8243; _builder_version=&#8220;4.27.3&#8243; _module_preset=&#8220;fc668c9b-2492-4f5e-844a-ffb4dd6d3fb5&#8243; global_colors_info=&#8220;{}&#8220;]<\/p>\n<p>Boxen nur f\u00fcr Frauen<\/p>\n<p>[\/et_pb_blurb][\/et_pb_column][et_pb_column type=&#8220;1_4&#8243; _builder_version=&#8220;4.27.3&#8243; _module_preset=&#8220;default&#8220; global_colors_info=&#8220;{}&#8220;][et_pb_blurb use_icon=&#8220;on&#8220; font_icon=&#8220;&#xe052;||divi||400&#8243; _builder_version=&#8220;4.27.3&#8243; _module_preset=&#8220;fc668c9b-2492-4f5e-844a-ffb4dd6d3fb5&#8243; global_colors_info=&#8220;{}&#8220;]<\/p>\n<p>14 Tage Geld-zur\u00fcck-Garantie<\/p>\n<p>[\/et_pb_blurb][\/et_pb_column][et_pb_column type=&#8220;1_4&#8243; _builder_version=&#8220;4.27.3&#8243; _module_preset=&#8220;default&#8220; global_colors_info=&#8220;{}&#8220;][et_pb_blurb use_icon=&#8220;on&#8220; font_icon=&#8220;&#xe052;||divi||400&#8243; _builder_version=&#8220;4.27.3&#8243; _module_preset=&#8220;fc668c9b-2492-4f5e-844a-ffb4dd6d3fb5&#8243; global_colors_info=&#8220;{}&#8220;]<\/p>\n<p>4.8\/5 Kundenzufriedenheit<\/p>\n<p>[\/et_pb_blurb][\/et_pb_column][et_pb_column type=&#8220;1_4&#8243; _builder_version=&#8220;4.27.3&#8243; _module_preset=&#8220;default&#8220; global_colors_info=&#8220;{}&#8220;][et_pb_blurb use_icon=&#8220;on&#8220; font_icon=&#8220;&#xe052;||divi||400&#8243; _builder_version=&#8220;4.27.3&#8243; _module_preset=&#8220;fc668c9b-2492-4f5e-844a-ffb4dd6d3fb5&#8243; global_colors_info=&#8220;{}&#8220;]<\/p>\n<p>Zahle in Raten mit Klarna<\/p>\n<p>[\/et_pb_blurb][\/et_pb_column][\/et_pb_row][\/et_pb_section][et_pb_section fb_built=&#8220;1&#8243; _builder_version=&#8220;4.27.3&#8243; _module_preset=&#8220;default&#8220; background_color=&#8220;#ffffff&#8220; custom_margin=&#8220;0px||0px||false|false&#8220; custom_padding=&#8220;100px||100px||false|false&#8220; global_colors_info=&#8220;{}&#8220;][et_pb_row column_structure=&#8220;1_4,1_2,1_4&#8243; _builder_version=&#8220;4.27.3&#8243; _module_preset=&#8220;dd9bbdb3-d766-401f-a83a-4e7afa45eb0f&#8220; global_colors_info=&#8220;{}&#8220;][et_pb_column type=&#8220;1_4&#8243; _builder_version=&#8220;4.17.4&#8243; _module_preset=&#8220;default&#8220; global_colors_info=&#8220;{}&#8220;][\/et_pb_column][et_pb_column type=&#8220;1_2&#8243; _builder_version=&#8220;4.17.4&#8243; _module_preset=&#8220;default&#8220; global_colors_info=&#8220;{}&#8220;][et_pb_text _builder_version=&#8220;4.27.3&#8243; _module_preset=&#8220;55284b65-a735-4094-8086-7e9b934b566b&#8220; header_2_text_color=&#8220;#000000&#8243; global_colors_info=&#8220;{}&#8220;]<\/p>\n<h2>Mitgliedschaften<\/h2>\n<p>[\/et_pb_text][et_pb_text content_tablet=&#8220;<\/p>\n<p>Sed ut perspiciatis unde omnis iste natus error sit voluptatem<br \/>accusantium doloremque laudantium, totam rem aperiam.<\/p>\n<p>&#8220; content_phone=&#8220;Sed ut perspiciatis unde omnis iste natus error sit voluptatem accusantium doloremque laudantium, totam rem aperiam.&#8220; content_last_edited=&#8220;off|desktop&#8220; _builder_version=&#8220;4.27.3&#8243; _module_preset=&#8220;df168bf7-c099-4778-8ebe-09e5b5d7d302&#8243; text_text_color=&#8220;#000000&#8243; global_colors_info=&#8220;{}&#8220;]<\/p>\n<p>Sehen Sie sich unsere Mitgliedschaften an. Mit jeder Mitgliedschaft k\u00f6nnen Sie an jedem Kurs teilnehmen. In welchen Kurs gehen Sie diese Woche?  <\/p>\n<p>[\/et_pb_text][\/et_pb_column][et_pb_column type=&#8220;1_4&#8243; _builder_version=&#8220;4.17.4&#8243; _module_preset=&#8220;default&#8220; global_colors_info=&#8220;{}&#8220;][\/et_pb_column][\/et_pb_row][et_pb_row column_structure=&#8220;1_3,1_3,1_3&#8243; use_custom_gutter=&#8220;on&#8220; gutter_width=&#8220;2&#8243; make_equal=&#8220;on&#8220; _builder_version=&#8220;4.27.3&#8243; _module_preset=&#8220;default&#8220; global_colors_info=&#8220;{}&#8220;][et_pb_column type=&#8220;1_3&#8243; _builder_version=&#8220;4.27.3&#8243; _module_preset=&#8220;default&#8220; border_radii=&#8220;on|5px|5px|5px|5px&#8220; box_shadow_style=&#8220;preset1&#8243; box_shadow_color=&#8220;rgba(0,0,0,0.15)&#8220; global_colors_info=&#8220;{}&#8220;][et_pb_image src=&#8220;https:\/\/boxingsisters.com\/wp-content\/uploads\/2024\/12\/Boxing-Sisters-HR-\u00a9-Marleen-Annema-1126-scaled-2.jpg&#8220; title_text=&#8220;Boxen-Schwestern-HR-\u00a9-Marleen-Annema-1126-skaliert-2&#8243; _builder_version=&#8220;4.27.3&#8243; _module_preset=&#8220;f398140c-74f9-4b74-9514-72ad851ba749&#8243; hover_enabled=&#8220;0&#8243; global_colors_info=&#8220;{}&#8220; sticky_enabled=&#8220;0&#8243;][\/et_pb_image][et_pb_text _builder_version=&#8220;4.27.3&#8243; _module_preset=&#8220;ec94a2f5-5a5c-4d70-b788-2e0875d564f8&#8243; global_colors_info=&#8220;{}&#8220;]<\/p>\n<h3>8 Wochen Probezeit<\/h3>\n<p>[\/et_pb_text][et_pb_blurb use_icon=&#8220;on&#8220; font_icon=&#8220;&#xe052;||divi||400&#8243; _builder_version=&#8220;4.27.3&#8243; _module_preset=&#8220;43922cd1-be31-419c-9977-7362d1d0e1e7&#8243; global_colors_info=&#8220;{}&#8220;]<\/p>\n<p>16 Lektionen<\/p>\n<p>[\/et_pb_blurb][et_pb_blurb use_icon=&#8220;on&#8220; font_icon=&#8220;&#xe052;||divi||400&#8243; _builder_version=&#8220;4.27.3&#8243; _module_preset=&#8220;43922cd1-be31-419c-9977-7362d1d0e1e7&#8243; global_colors_info=&#8220;{}&#8220;]<\/p>\n<p>G\u00fcltig f\u00fcr 3 Monate<\/p>\n<p>[\/et_pb_blurb][et_pb_blurb use_icon=&#8220;on&#8220; font_icon=&#8220;&#xe052;||divi||400&#8243; _builder_version=&#8220;4.27.3&#8243; _module_preset=&#8220;43922cd1-be31-419c-9977-7362d1d0e1e7&#8243; global_colors_info=&#8220;{}&#8220;]<\/p>\n<p>Kein langer Vertrag<\/p>\n<p>[\/et_pb_blurb][et_pb_blurb use_icon=&#8220;on&#8220; font_icon=&#8220;&#xe052;||divi||400&#8243; _builder_version=&#8220;4.27.3&#8243; _module_preset=&#8220;43922cd1-be31-419c-9977-7362d1d0e1e7&#8243; global_colors_info=&#8220;{}&#8220;]<\/p>\n<p>Alle Klassen ausprobieren<\/p>\n<p>[\/et_pb_blurb][et_pb_divider color=&#8220;#B5B5B5&#8243; divider_position=&#8220;center&#8220; _builder_version=&#8220;4.27.3&#8243; _module_preset=&#8220;default&#8220; custom_margin=&#8220;0px|30px|0px|30px|false|true&#8220; custom_padding=&#8220;0px||0px||false|false&#8220; global_colors_info=&#8220;{}&#8220;][\/et_pb_divider][et_pb_text _builder_version=&#8220;4.27.3&#8243; _module_preset=&#8220;default&#8220; link_text_color=&#8220;#000000&#8243; custom_margin=&#8220;||0px||false|false&#8220; custom_padding=&#8220;|30px|30px|30px|false|true&#8220; global_colors_info=&#8220;{}&#8220;]<\/p>\n<p><span>\u2192 <a href=\"https:\/\/boxingsisters.com\/nl\/location\/amsterdam\/#pricing\">Mitgliedschaft Amsterdam<\/a><\/span><br \/><span>\u2192 <a href=\"https:\/\/boxingsisters.com\/de\/location\/basel\/#pricing\">Mitgliedschaft in Basel<\/a><\/span><br \/><span>\u2192 <a href=\"https:\/\/boxingsisters.com\/de\/location\/berlin\/#pricing\">Mitgliedschaft Berlin<\/a><\/span><br \/><span>\u2192 <a href=\"https:\/\/boxingsisters.com\/de\/location\/munich\/#pricing\">Mitgliedschaft M\u00fcnchen<\/a><\/span><br \/><span>\u2192 <a href=\"https:\/\/boxingsisters.com\/de\/location\/vienna\/#pricing\">Mitgliedschaft Wien<\/a><\/span><span><br \/><span>\u2192 <a href=\"https:\/\/boxingsisters.com\/de\/location\/zurich\/#pricing\">Mitgliedschaft Z\u00fcrich<\/a><\/span><\/span><\/p>\n<p>[\/et_pb_text][\/et_pb_column][et_pb_column type=&#8220;1_3&#8243; _builder_version=&#8220;4.27.3&#8243; _module_preset=&#8220;default&#8220; border_radii=&#8220;on|5px|5px|5px|5px&#8220; box_shadow_style=&#8220;preset1&#8243; box_shadow_color=&#8220;rgba(0,0,0,0.15)&#8220; global_colors_info=&#8220;{}&#8220;][et_pb_image src=&#8220;https:\/\/boxingsisters.com\/wp-content\/uploads\/2025\/04\/1339-scaled-1.jpg&#8220; title_text=&#8220;1339-skaliert&#8220; _builder_version=&#8220;4.27.3&#8243; _module_preset=&#8220;f398140c-74f9-4b74-9514-72ad851ba749&#8243; hover_enabled=&#8220;0&#8243; global_colors_info=&#8220;{}&#8220; sticky_enabled=&#8220;0&#8243;][\/et_pb_image][et_pb_text _builder_version=&#8220;4.27.3&#8243; _module_preset=&#8220;ec94a2f5-5a5c-4d70-b788-2e0875d564f8&#8243; global_colors_info=&#8220;{}&#8220;]<\/p>\n<h3>Loyale Mitgliedschaft<\/h3>\n<p>[\/et_pb_text][et_pb_blurb use_icon=&#8220;on&#8220; font_icon=&#8220;&#xe052;||divi||400&#8243; _builder_version=&#8220;4.27.3&#8243; _module_preset=&#8220;43922cd1-be31-419c-9977-7362d1d0e1e7&#8243; global_colors_info=&#8220;{}&#8220;]<\/p>\n<p>Unbegrenzte Klassen<\/p>\n<p>[\/et_pb_blurb][et_pb_blurb use_icon=&#8220;on&#8220; font_icon=&#8220;&#xe052;||divi||400&#8243; _builder_version=&#8220;4.27.3&#8243; _module_preset=&#8220;43922cd1-be31-419c-9977-7362d1d0e1e7&#8243; global_colors_info=&#8220;{}&#8220;]<\/p>\n<p>Mindestvertragslaufzeit 12 Monate<\/p>\n<p>[\/et_pb_blurb][et_pb_blurb use_icon=&#8220;on&#8220; font_icon=&#8220;&#xe052;||divi||400&#8243; _builder_version=&#8220;4.27.3&#8243; _module_preset=&#8220;43922cd1-be31-419c-9977-7362d1d0e1e7&#8243; global_colors_info=&#8220;{}&#8220;]<\/p>\n<p>Zugang zu allen Klassen<\/p>\n<p>[\/et_pb_blurb][et_pb_blurb use_icon=&#8220;on&#8220; font_icon=&#8220;&#xe052;||divi||400&#8243; _builder_version=&#8220;4.27.3&#8243; _module_preset=&#8220;43922cd1-be31-419c-9977-7362d1d0e1e7&#8243; global_colors_info=&#8220;{}&#8220;]<\/p>\n<p>4 Wochen gratis mit dem Code 4FREE<\/p>\n<p>[\/et_pb_blurb][et_pb_divider color=&#8220;#B5B5B5&#8243; divider_position=&#8220;center&#8220; _builder_version=&#8220;4.27.3&#8243; _module_preset=&#8220;default&#8220; custom_margin=&#8220;0px|30px|0px|30px|false|true&#8220; custom_padding=&#8220;0px||0px||false|false&#8220; global_colors_info=&#8220;{}&#8220;][\/et_pb_divider][et_pb_text _builder_version=&#8220;4.27.3&#8243; _module_preset=&#8220;default&#8220; link_text_color=&#8220;#000000&#8243; custom_margin=&#8220;||0px||false|false&#8220; custom_padding=&#8220;|30px|30px|30px|false|true&#8220; global_colors_info=&#8220;{}&#8220;]<\/p>\n<p><span>\u2192 <a href=\"https:\/\/boxingsisters.com\/nl\/location\/amsterdam\/#pricing\">Mitgliedschaft Amsterdam<\/a><\/span><br \/><span>\u2192 <a href=\"https:\/\/boxingsisters.com\/de\/location\/basel\/#pricing\">Mitgliedschaft in Basel<\/a><\/span><br \/><span>\u2192 <a href=\"https:\/\/boxingsisters.com\/de\/location\/berlin\/#pricing\">Mitgliedschaft Berlin<\/a><\/span><br \/><span>\u2192 <a href=\"https:\/\/boxingsisters.com\/de\/location\/munich\/#pricing\">Mitgliedschaft M\u00fcnchen<\/a><\/span><br \/><span>\u2192 <a href=\"https:\/\/boxingsisters.com\/de\/location\/vienna\/#pricing\">Mitgliedschaft Wien<\/a><\/span><span><br \/><span>\u2192 <a href=\"https:\/\/boxingsisters.com\/de\/location\/zurich\/#pricing\">Mitgliedschaft Z\u00fcrich<\/a><\/span><\/span><\/p>\n<p>[\/et_pb_text][\/et_pb_column][et_pb_column type=&#8220;1_3&#8243; _builder_version=&#8220;4.27.3&#8243; _module_preset=&#8220;default&#8220; custom_padding=&#8220;||||false|false&#8220; border_radii=&#8220;on|5px|5px|5px|5px&#8220; box_shadow_style=&#8220;preset1&#8243; box_shadow_color=&#8220;rgba(0,0,0,0.15)&#8220; global_colors_info=&#8220;{}&#8220;][et_pb_image src=&#8220;https:\/\/boxingsisters.com\/wp-content\/uploads\/2025\/04\/1200-scaled-1.jpg&#8220; title_text=&#8220;1200 skaliert&#8220; _builder_version=&#8220;4.27.3&#8243; _module_preset=&#8220;f398140c-74f9-4b74-9514-72ad851ba749&#8243; hover_enabled=&#8220;0&#8243; global_colors_info=&#8220;{}&#8220; sticky_enabled=&#8220;0&#8243;][\/et_pb_image][et_pb_text _builder_version=&#8220;4.27.3&#8243; _module_preset=&#8220;ec94a2f5-5a5c-4d70-b788-2e0875d564f8&#8243; global_colors_info=&#8220;{}&#8220;]<\/p>\n<h3>Flex-Mitgliedschaft<\/h3>\n<p>[\/et_pb_text][et_pb_blurb use_icon=&#8220;on&#8220; font_icon=&#8220;&#xe052;||divi||400&#8243; _builder_version=&#8220;4.27.3&#8243; _module_preset=&#8220;43922cd1-be31-419c-9977-7362d1d0e1e7&#8243; global_colors_info=&#8220;{}&#8220;]<\/p>\n<p>Unbegrenzte Klassen<\/p>\n<p>[\/et_pb_blurb][et_pb_blurb use_icon=&#8220;on&#8220; font_icon=&#8220;&#xe052;||divi||400&#8243; _builder_version=&#8220;4.27.3&#8243; _module_preset=&#8220;43922cd1-be31-419c-9977-7362d1d0e1e7&#8243; global_colors_info=&#8220;{}&#8220;]<\/p>\n<p>Mindestvertrag von 3 Monaten<\/p>\n<p>[\/et_pb_blurb][et_pb_blurb use_icon=&#8220;on&#8220; font_icon=&#8220;&#xe052;||divi||400&#8243; _builder_version=&#8220;4.27.3&#8243; _module_preset=&#8220;43922cd1-be31-419c-9977-7362d1d0e1e7&#8243; global_colors_info=&#8220;{}&#8220;]<\/p>\n<p>Zugang zu allen Klassen<\/p>\n<p>[\/et_pb_blurb][et_pb_blurb use_icon=&#8220;on&#8220; font_icon=&#8220;&#xe052;||divi||400&#8243; _builder_version=&#8220;4.27.3&#8243; _module_preset=&#8220;43922cd1-be31-419c-9977-7362d1d0e1e7&#8243; global_colors_info=&#8220;{}&#8220;]<\/p>\n<p>Kein langer Vertrag<\/p>\n<p>[\/et_pb_blurb][et_pb_divider color=&#8220;#B5B5B5&#8243; divider_position=&#8220;center&#8220; _builder_version=&#8220;4.27.3&#8243; _module_preset=&#8220;default&#8220; custom_margin=&#8220;0px|30px|0px|30px|false|true&#8220; custom_padding=&#8220;0px||0px||false|false&#8220; global_colors_info=&#8220;{}&#8220;][\/et_pb_divider][et_pb_text _builder_version=&#8220;4.27.3&#8243; _module_preset=&#8220;default&#8220; link_text_color=&#8220;#000000&#8243; custom_margin=&#8220;||0px||false|false&#8220; custom_padding=&#8220;|30px|30px|30px|false|true&#8220; global_colors_info=&#8220;{}&#8220;]<\/p>\n<p><span>\u2192 <a href=\"https:\/\/boxingsisters.com\/nl\/location\/amsterdam\/#pricing\">Mitgliedschaft Amsterdam<\/a><\/span><br \/><span>\u2192 <a href=\"https:\/\/boxingsisters.com\/de\/location\/basel\/#pricing\">Mitgliedschaft in Basel<\/a><\/span><br \/><span>\u2192 <a href=\"https:\/\/boxingsisters.com\/de\/location\/berlin\/#pricing\">Mitgliedschaft Berlin<\/a><\/span><br \/><span>\u2192 <a href=\"https:\/\/boxingsisters.com\/de\/location\/munich\/#pricing\">Mitgliedschaft M\u00fcnchen<\/a><\/span><br \/><span>\u2192 <a href=\"https:\/\/boxingsisters.com\/de\/location\/vienna\/#pricing\">Mitgliedschaft Wien<\/a><\/span><span><br \/><span>\u2192 <a href=\"https:\/\/boxingsisters.com\/de\/location\/zurich\/#pricing\">Mitgliedschaft Z\u00fcrich<\/a><\/span><\/span><\/p>\n<p>[\/et_pb_text][\/et_pb_column][\/et_pb_row][\/et_pb_section]<\/p>\n","protected":false},"excerpt":{"rendered":"<p>MitgliedschaftenBoxen nur f\u00fcr Frauen14 Tage Geld-zur\u00fcck-Garantie4.8\/5 KundenzufriedenheitZahle in Raten mit KlarnaMitgliedschaftenSehen Sie sich unsere Mitgliedschaften an. Mit jeder Mitgliedschaft k\u00f6nnen Sie an jedem Kurs teilnehmen. In welchen Kurs gehen Sie diese Woche? 8 Wochen Probezeit16 LektionenG\u00fcltig f\u00fcr 3 MonateKein langer VertragAlle Klassen ausprobieren\u2192 Mitgliedschaft Amsterdam\u2192 Mitgliedschaft in Basel\u2192 Mitgliedschaft Berlin\u2192 Mitgliedschaft M\u00fcnchen\u2192 Mitgliedschaft Wien\u2192 Mitgliedschaft [&hellip;]<\/p>\n","protected":false},"author":4,"featured_media":0,"parent":0,"menu_order":0,"comment_status":"closed","ping_status":"closed","template":"","meta":{"_et_pb_use_builder":"on","_et_pb_old_content":"","_et_gb_content_width":"","_joinchat":[],"footnotes":""},"class_list":["post-239423","page","type-page","status-publish","hentry"],"_links":{"self":[{"href":"https:\/\/boxingsisters.com\/de\/wp-json\/wp\/v2\/pages\/239423","targetHints":{"allow":["GET"]}}],"collection":[{"href":"https:\/\/boxingsisters.com\/de\/wp-json\/wp\/v2\/pages"}],"about":[{"href":"https:\/\/boxingsisters.com\/de\/wp-json\/wp\/v2\/types\/page"}],"author":[{"embeddable":true,"href":"https:\/\/boxingsisters.com\/de\/wp-json\/wp\/v2\/users\/4"}],"replies":[{"embeddable":true,"href":"https:\/\/boxingsisters.com\/de\/wp-json\/wp\/v2\/comments?post=239423"}],"version-history":[{"count":4,"href":"https:\/\/boxingsisters.com\/de\/wp-json\/wp\/v2\/pages\/239423\/revisions"}],"predecessor-version":[{"id":239751,"href":"https:\/\/boxingsisters.com\/de\/wp-json\/wp\/v2\/pages\/239423\/revisions\/239751"}],"wp:attachment":[{"href":"https:\/\/boxingsisters.com\/de\/wp-json\/wp\/v2\/media?parent=239423"}],"curies":[{"name":"wp","href":"https:\/\/api.w.org\/{rel}","templated":true}]}}